{"id":477,"date":"2024-11-03T01:17:02","date_gmt":"2024-11-03T00:17:02","guid":{"rendered":"https:\/\/necplusinterim.com\/?page_id=477"},"modified":"2024-11-15T14:51:50","modified_gmt":"2024-11-15T13:51:50","slug":"hotellerie-restauration-2","status":"publish","type":"page","link":"https:\/\/necplusinterim.com\/index.php\/hotellerie-restauration-2\/","title":{"rendered":"H\u00f4tellerie\/Restauration"},"content":{"rendered":"\t\t<div data-elementor-type=\"wp-page\" data-elementor-id=\"477\" class=\"elementor elementor-477\" data-elementor-post-type=\"page\">\n\t\t\t\t<div class=\"elementor-element elementor-element-22a13ea e-flex e-con-boxed e-con e-parent\" data-id=\"22a13ea\" data-element_type=\"container\" data-e-type=\"container\">\n\t\t\t\t\t<div class=\"e-con-inner\">\n\t\t\t\t<div class=\"elementor-element elementor-element-a519228 elementor-widget elementor-widget-text-editor\" data-id=\"a519228\" data-element_type=\"widget\" data-e-type=\"widget\" data-widget_type=\"text-editor.default\">\n\t\t\t\t\t\t\t\t\t<h1 style=\"text-align: center;\">Vous cherchez \u00e0 recruter des employ\u00e9s roumains pour le secteur de l&rsquo;h\u00f4tellerie et de restauration en France ?<\/h1><p><i>Notre agence d\u2019int\u00e9rim propose des employ\u00e9s roumains qualifi\u00e9s et francophones pour le secteur de l\u2019h\u00f4tellerie en France. En tant qu&rsquo;agence franco-roumaine, nous vous assistons dans le recrutement de travailleurs temporaires roumains sp\u00e9cialis\u00e9s dans l\u2019h\u00f4tellerie et le tourisme h\u00f4telier. La Roumanie, r\u00e9put\u00e9e pour ses travailleurs qualifi\u00e9s et francophones, offre un excellent rapport qualit\u00e9-prix. Par cons\u00e9quent, recruter ces employ\u00e9s pr\u00e9sente de nombreux avantages pour votre entreprise dans l&rsquo;industrie h\u00f4teli\u00e8re.<\/i><\/p>\t\t\t\t\t\t\t\t<\/div>\n\t\t\t\t\t<\/div>\n\t\t\t\t<\/div>\n\t\t<div class=\"elementor-element elementor-element-f7515ad e-con-full e-flex e-con e-parent\" data-id=\"f7515ad\" data-element_type=\"container\" data-e-type=\"container\">\n\t\t\t\t<div class=\"elementor-element elementor-element-cd55b61 elementor-widget elementor-widget-image\" data-id=\"cd55b61\" data-element_type=\"widget\" data-e-type=\"widget\" data-widget_type=\"image.default\">\n\t\t\t\t\t\t\t\t\t\t\t\t\t\t\t<img fetchpriority=\"high\" decoding=\"async\" width=\"1024\" height=\"682\" src=\"https:\/\/necplusinterim.com\/wp-content\/uploads\/2024\/11\/receptionnistes-loog-1024x682.jpg\" class=\"attachment-large size-large wp-image-1344\" alt=\"\" srcset=\"https:\/\/necplusinterim.com\/wp-content\/uploads\/2024\/11\/receptionnistes-loog-1024x682.jpg 1024w, https:\/\/necplusinterim.com\/wp-content\/uploads\/2024\/11\/receptionnistes-loog-300x200.jpg 300w, https:\/\/necplusinterim.com\/wp-content\/uploads\/2024\/11\/receptionnistes-loog-768x512.jpg 768w, https:\/\/necplusinterim.com\/wp-content\/uploads\/2024\/11\/receptionnistes-loog-1536x1023.jpg 1536w, https:\/\/necplusinterim.com\/wp-content\/uploads\/2024\/11\/receptionnistes-loog-2048x1365.jpg 2048w\" sizes=\"(max-width: 1024px) 100vw, 1024px\" \/>\t\t\t\t\t\t\t\t\t\t\t\t\t\t\t<\/div>\n\t\t\t\t<\/div>\n\t\t<div class=\"elementor-element elementor-element-32c2657 e-flex e-con-boxed e-con e-parent\" data-id=\"32c2657\" data-element_type=\"container\" data-e-type=\"container\">\n\t\t\t\t\t<div class=\"e-con-inner\">\n\t\t\t\t\t<\/div>\n\t\t\t\t<\/div>\n\t\t\t\t<\/div>\n\t\t","protected":false},"excerpt":{"rendered":"<p>Vous cherchez \u00e0 recruter des employ\u00e9s roumains pour le secteur de l&rsquo;h\u00f4tellerie et de restauration en France ? Notre agence d\u2019int\u00e9rim propose des employ\u00e9s roumains qualifi\u00e9s et francophones pour le secteur de l\u2019h\u00f4tellerie en France. En tant qu&rsquo;agence franco-roumaine, nous vous assistons dans le recrutement de travailleurs temporaires roumains sp\u00e9cialis\u00e9s dans l\u2019h\u00f4tellerie et le tourisme [&hellip;]<\/p>\n","protected":false},"author":1,"featured_media":0,"parent":0,"menu_order":0,"comment_status":"closed","ping_status":"closed","template":"","meta":{"site-sidebar-layout":"no-sidebar","site-content-layout":"page-builder","ast-site-content-layout":"full-width-container","site-content-style":"default","site-sidebar-style":"default","ast-global-header-display":"","ast-banner-title-visibility":"","ast-main-header-display":"","ast-hfb-above-header-display":"","ast-hfb-below-header-display":"","ast-hfb-mobile-header-display":"","site-post-title":"disabled","ast-breadcrumbs-content":"","ast-featured-img":"disabled","footer-sml-layout":"","ast-disable-related-posts":"","theme-transparent-header-meta":"","adv-header-id-meta":"","stick-header-meta":"","header-above-stick-meta":"","header-main-stick-meta":"","header-below-stick-meta":"","astra-migrate-meta-layouts":"set","ast-page-background-enabled":"default","ast-page-background-meta":{"desktop":{"background-color":"var(--ast-global-color-4)","background-image":"","background-repeat":"repeat","background-position":"center center","background-size":"auto","background-attachment":"scroll","background-type":"","background-media":"","overlay-type":"","overlay-color":"","overlay-opacity":"","overlay-gradient":""},"tablet":{"background-color":"","background-image":"","background-repeat":"repeat","background-position":"center center","background-size":"auto","background-attachment":"scroll","background-type":"","background-media":"","overlay-type":"","overlay-color":"","overlay-opacity":"","overlay-gradient":""},"mobile":{"background-color":"","background-image":"","background-repeat":"repeat","background-position":"center center","background-size":"auto","background-attachment":"scroll","background-type":"","background-media":"","overlay-type":"","overlay-color":"","overlay-opacity":"","overlay-gradient":""}},"ast-content-background-meta":{"desktop":{"background-color":"var(--ast-global-color-5)","background-image":"","background-repeat":"repeat","background-position":"center center","background-size":"auto","background-attachment":"scroll","background-type":"","background-media":"","overlay-type":"","overlay-color":"","overlay-opacity":"","overlay-gradient":""},"tablet":{"background-color":"var(--ast-global-color-5)","background-image":"","background-repeat":"repeat","background-position":"center center","background-size":"auto","background-attachment":"scroll","background-type":"","background-media":"","overlay-type":"","overlay-color":"","overlay-opacity":"","overlay-gradient":""},"mobile":{"background-color":"var(--ast-global-color-5)","background-image":"","background-repeat":"repeat","background-position":"center center","background-size":"auto","background-attachment":"scroll","background-type":"","background-media":"","overlay-type":"","overlay-color":"","overlay-opacity":"","overlay-gradient":""}},"footnotes":""},"class_list":["post-477","page","type-page","status-publish","hentry"],"_links":{"self":[{"href":"https:\/\/necplusinterim.com\/index.php\/wp-json\/wp\/v2\/pages\/477","targetHints":{"allow":["GET"]}}],"collection":[{"href":"https:\/\/necplusinterim.com\/index.php\/wp-json\/wp\/v2\/pages"}],"about":[{"href":"https:\/\/necplusinterim.com\/index.php\/wp-json\/wp\/v2\/types\/page"}],"author":[{"embeddable":true,"href":"https:\/\/necplusinterim.com\/index.php\/wp-json\/wp\/v2\/users\/1"}],"replies":[{"embeddable":true,"href":"https:\/\/necplusinterim.com\/index.php\/wp-json\/wp\/v2\/comments?post=477"}],"version-history":[{"count":8,"href":"https:\/\/necplusinterim.com\/index.php\/wp-json\/wp\/v2\/pages\/477\/revisions"}],"predecessor-version":[{"id":2151,"href":"https:\/\/necplusinterim.com\/index.php\/wp-json\/wp\/v2\/pages\/477\/revisions\/2151"}],"wp:attachment":[{"href":"https:\/\/necplusinterim.com\/index.php\/wp-json\/wp\/v2\/media?parent=477"}],"curies":[{"name":"wp","href":"https:\/\/api.w.org\/{rel}","templated":true}]}}